{"id":2893,"date":"2024-11-21T21:49:11","date_gmt":"2024-11-21T20:49:11","guid":{"rendered":"http:\/\/comnova.de\/website\/?page_id=2893"},"modified":"2025-05-20T02:49:40","modified_gmt":"2025-05-20T00:49:40","slug":"unternehmen","status":"publish","type":"page","link":"http:\/\/comnova.de\/website\/de\/unternehmen\/","title":{"rendered":"Unternehmen"},"content":{"rendered":"\n<p class=\"has-vivid-red-color has-text-color has-link-color wp-elements-039bdace0d096119d5edc9f20000d5c6\" style=\"font-size:30px\">Unternehmen<\/p>\n\n\n\n<p>Die COMNOVA GmbH ist ein zukunftsweisendes Technologieunternehmen mit den Schwerpunkten Automatisierung in der Verfahrens- und Geb\u00e4udetechnik, MSR-Technik (Mess-, Steuer- und Regelungstechnik), Datenlogging und GMP-Services. Mit einem Team von hoch qualifizierten Spezialisten setzen wir f\u00fcr Sie komplexe automatisierungstechnische Aufgabenstellungen um. Dabei gilt f\u00fcr uns der Grundsatz, die optimale L\u00f6sung f\u00fcr Ihre individuellen Prozesse zu entwickeln. Dank unserer fundierten technologischen Expertise in der Pharmabranche haben wir uns zudem als Dienstleister f\u00fcr GMP-Services in vielen Projekten bew\u00e4hrt.<\/p>\n\n\n\n<p>Namhafte Unternehmen der Pharmaindustrie, Telekommunikationsbranche, Energiewirtschaft und Organisationen der \u00f6ffentlichen Hand nutzen unsere Leistungen seit vielen Jahren. Und das mit gro\u00dfem Erfolg. F\u00fcr sie f\u00fchren wir Projekte sowohl in Deutschland als auch auf internationaler Ebene durch. Die COMNOVA GmbH mit Sitz in Langen im Rhein-Main-Gebiet wird seit der Gr\u00fcndung 2004 von dem Ingenieur Bastian Heberer gef\u00fchrt.<\/p>\n\n\n\n<p><\/p>\n","protected":false},"excerpt":{"rendered":"<p>Unternehmen Die COMNOVA GmbH ist ein zukunftsweisendes Technologieunternehmen mit den Schwerpunkten Automatisierung in der Verfahrens- und Geb\u00e4udetechnik, MSR-Technik (Mess-, Steuer- und Regelungstechnik), Datenlogging und GMP-Services. Mit einem Team von hoch qualifizierten Spezialisten setzen wir f\u00fcr Sie komplexe automatisierungstechnische Aufgabenstellungen um. Dabei gilt f\u00fcr uns der Grundsatz, die optimale L\u00f6sung f\u00fcr Ihre individuellen Prozesse zu entwickeln. [&hellip;]<\/p>\n","protected":false},"author":1,"featured_media":0,"parent":0,"menu_order":0,"comment_status":"closed","ping_status":"closed","template":"","meta":{"_uag_custom_page_level_css":"","site-sidebar-layout":"default","site-content-layout":"","ast-site-content-layout":"default","site-content-style":"default","site-sidebar-style":"default","ast-global-header-display":"","ast-banner-title-visibility":"","ast-main-header-display":"","ast-hfb-above-header-display":"","ast-hfb-below-header-display":"","ast-hfb-mobile-header-display":"","site-post-title":"disabled","ast-breadcrumbs-content":"","ast-featured-img":"","footer-sml-layout":"","theme-transparent-header-meta":"","adv-header-id-meta":"","stick-header-meta":"","header-above-stick-meta":"","header-main-stick-meta":"","header-below-stick-meta":"","astra-migrate-meta-layouts":"set","ast-page-background-enabled":"default","ast-page-background-meta":{"desktop":{"background-color":"var(--ast-global-color-4)","background-image":"","background-repeat":"repeat","background-position":"center center","background-size":"auto","background-attachment":"scroll","background-type":"","background-media":"","overlay-type":"","overlay-color":"","overlay-opacity":"","overlay-gradient":""},"tablet":{"background-color":"","background-image":"","background-repeat":"repeat","background-position":"center center","background-size":"auto","background-attachment":"scroll","background-type":"","background-media":"","overlay-type":"","overlay-color":"","overlay-opacity":"","overlay-gradient":""},"mobile":{"background-color":"","background-image":"","background-repeat":"repeat","background-position":"center center","background-size":"auto","background-attachment":"scroll","background-type":"","background-media":"","overlay-type":"","overlay-color":"","overlay-opacity":"","overlay-gradient":""}},"ast-content-background-meta":{"desktop":{"background-color":"var(--ast-global-color-5)","background-image":"","background-repeat":"repeat","background-position":"center center","background-size":"auto","background-attachment":"scroll","background-type":"","background-media":"","overlay-type":"","overlay-color":"","overlay-opacity":"","overlay-gradient":""},"tablet":{"background-color":"var(--ast-global-color-5)","background-image":"","background-repeat":"repeat","background-position":"center center","background-size":"auto","background-attachment":"scroll","background-type":"","background-media":"","overlay-type":"","overlay-color":"","overlay-opacity":"","overlay-gradient":""},"mobile":{"background-color":"var(--ast-global-color-5)","background-image":"","background-repeat":"repeat","background-position":"center center","background-size":"auto","background-attachment":"scroll","background-type":"","background-media":"","overlay-type":"","overlay-color":"","overlay-opacity":"","overlay-gradient":""}},"footnotes":""},"class_list":["post-2893","page","type-page","status-publish","hentry"],"yoast_head":"<!-- This site is optimized with the Yoast SEO plugin v25.3 - https:\/\/yoast.com\/wordpress\/plugins\/seo\/ -->\n<title>Unternehmen - Comnova GmbH<\/title>\n<meta name=\"description\" content=\"Die COMNOVA GmbH ist ein zukunftsweisendes Technologieunternehmen mit den Schwerpunkten Automatisierung in der Verfahrens- und Geb\u00e4udetechnik, MSR-Technik (Mess-, Steuer- und Regelungstechnik), Datenlogging und GMP-Services.\" \/>\n<meta name=\"robots\" content=\"index, follow, max-snippet:-1, max-image-preview:large, max-video-preview:-1\" \/>\n<link rel=\"canonical\" href=\"http:\/\/comnova.de\/website\/de\/unternehmen\/\" \/>\n<meta property=\"og:locale\" content=\"en_US\" \/>\n<meta property=\"og:type\" content=\"article\" \/>\n<meta property=\"og:title\" content=\"Unternehmen - Comnova GmbH\" \/>\n<meta property=\"og:description\" content=\"Die COMNOVA GmbH ist ein zukunftsweisendes Technologieunternehmen mit den Schwerpunkten Automatisierung in der Verfahrens- und Geb\u00e4udetechnik, MSR-Technik (Mess-, Steuer- und Regelungstechnik), Datenlogging und GMP-Services.\" \/>\n<meta property=\"og:url\" content=\"http:\/\/comnova.de\/website\/de\/unternehmen\/\" \/>\n<meta property=\"og:site_name\" content=\"Comnova GmbH\" \/>\n<meta property=\"article:modified_time\" content=\"2025-05-20T00:49:40+00:00\" \/>\n<meta name=\"twitter:card\" content=\"summary_large_image\" \/>\n<meta name=\"twitter:label1\" content=\"Est. reading time\" \/>\n\t<meta name=\"twitter:data1\" content=\"1 minute\" \/>\n<script type=\"application\/ld+json\" class=\"yoast-schema-graph\">{\"@context\":\"https:\/\/schema.org\",\"@graph\":[{\"@type\":\"WebPage\",\"@id\":\"http:\/\/comnova.de\/website\/de\/unternehmen\/\",\"url\":\"http:\/\/comnova.de\/website\/de\/unternehmen\/\",\"name\":\"Unternehmen - Comnova GmbH\",\"isPartOf\":{\"@id\":\"http:\/\/comnova.de\/website\/#website\"},\"datePublished\":\"2024-11-21T20:49:11+00:00\",\"dateModified\":\"2025-05-20T00:49:40+00:00\",\"description\":\"Die COMNOVA GmbH ist ein zukunftsweisendes Technologieunternehmen mit den Schwerpunkten Automatisierung in der Verfahrens- und Geb\u00e4udetechnik, MSR-Technik (Mess-, Steuer- und Regelungstechnik), Datenlogging und GMP-Services.\",\"breadcrumb\":{\"@id\":\"http:\/\/comnova.de\/website\/de\/unternehmen\/#breadcrumb\"},\"inLanguage\":\"en-US\",\"potentialAction\":[{\"@type\":\"ReadAction\",\"target\":[\"http:\/\/comnova.de\/website\/de\/unternehmen\/\"]}]},{\"@type\":\"BreadcrumbList\",\"@id\":\"http:\/\/comnova.de\/website\/de\/unternehmen\/#breadcrumb\",\"itemListElement\":[{\"@type\":\"ListItem\",\"position\":1,\"name\":\"Home\",\"item\":\"http:\/\/comnova.de\/website\/en\/comnova-gmbh-specializing-in-automation-gmp-services-td-distributor\/\"},{\"@type\":\"ListItem\",\"position\":2,\"name\":\"Unternehmen\"}]},{\"@type\":\"WebSite\",\"@id\":\"http:\/\/comnova.de\/website\/#website\",\"url\":\"http:\/\/comnova.de\/website\/\",\"name\":\"Comnova GmbH\",\"description\":\"Automation &amp; Services\",\"publisher\":{\"@id\":\"http:\/\/comnova.de\/website\/#organization\"},\"potentialAction\":[{\"@type\":\"SearchAction\",\"target\":{\"@type\":\"EntryPoint\",\"urlTemplate\":\"http:\/\/comnova.de\/website\/?s={search_term_string}\"},\"query-input\":{\"@type\":\"PropertyValueSpecification\",\"valueRequired\":true,\"valueName\":\"search_term_string\"}}],\"inLanguage\":\"en-US\"},{\"@type\":\"Organization\",\"@id\":\"http:\/\/comnova.de\/website\/#organization\",\"name\":\"Comnova GmbH\",\"url\":\"http:\/\/comnova.de\/website\/\",\"logo\":{\"@type\":\"ImageObject\",\"inLanguage\":\"en-US\",\"@id\":\"http:\/\/comnova.de\/website\/#\/schema\/logo\/image\/\",\"url\":\"http:\/\/comnova.de\/website\/wp-content\/uploads\/2024\/08\/comnova-gmbh-logo.png\",\"contentUrl\":\"http:\/\/comnova.de\/website\/wp-content\/uploads\/2024\/08\/comnova-gmbh-logo.png\",\"width\":300,\"height\":124,\"caption\":\"Comnova GmbH\"},\"image\":{\"@id\":\"http:\/\/comnova.de\/website\/#\/schema\/logo\/image\/\"}}]}<\/script>\n<!-- \/ Yoast SEO plugin. -->","yoast_head_json":{"title":"Unternehmen - Comnova GmbH","description":"Die COMNOVA GmbH ist ein zukunftsweisendes Technologieunternehmen mit den Schwerpunkten Automatisierung in der Verfahrens- und Geb\u00e4udetechnik, MSR-Technik (Mess-, Steuer- und Regelungstechnik), Datenlogging und GMP-Services.","robots":{"index":"index","follow":"follow","max-snippet":"max-snippet:-1","max-image-preview":"max-image-preview:large","max-video-preview":"max-video-preview:-1"},"canonical":"http:\/\/comnova.de\/website\/de\/unternehmen\/","og_locale":"en_US","og_type":"article","og_title":"Unternehmen - Comnova GmbH","og_description":"Die COMNOVA GmbH ist ein zukunftsweisendes Technologieunternehmen mit den Schwerpunkten Automatisierung in der Verfahrens- und Geb\u00e4udetechnik, MSR-Technik (Mess-, Steuer- und Regelungstechnik), Datenlogging und GMP-Services.","og_url":"http:\/\/comnova.de\/website\/de\/unternehmen\/","og_site_name":"Comnova GmbH","article_modified_time":"2025-05-20T00:49:40+00:00","twitter_card":"summary_large_image","twitter_misc":{"Est. reading time":"1 minute"},"schema":{"@context":"https:\/\/schema.org","@graph":[{"@type":"WebPage","@id":"http:\/\/comnova.de\/website\/de\/unternehmen\/","url":"http:\/\/comnova.de\/website\/de\/unternehmen\/","name":"Unternehmen - Comnova GmbH","isPartOf":{"@id":"http:\/\/comnova.de\/website\/#website"},"datePublished":"2024-11-21T20:49:11+00:00","dateModified":"2025-05-20T00:49:40+00:00","description":"Die COMNOVA GmbH ist ein zukunftsweisendes Technologieunternehmen mit den Schwerpunkten Automatisierung in der Verfahrens- und Geb\u00e4udetechnik, MSR-Technik (Mess-, Steuer- und Regelungstechnik), Datenlogging und GMP-Services.","breadcrumb":{"@id":"http:\/\/comnova.de\/website\/de\/unternehmen\/#breadcrumb"},"inLanguage":"en-US","potentialAction":[{"@type":"ReadAction","target":["http:\/\/comnova.de\/website\/de\/unternehmen\/"]}]},{"@type":"BreadcrumbList","@id":"http:\/\/comnova.de\/website\/de\/unternehmen\/#breadcrumb","itemListElement":[{"@type":"ListItem","position":1,"name":"Home","item":"http:\/\/comnova.de\/website\/en\/comnova-gmbh-specializing-in-automation-gmp-services-td-distributor\/"},{"@type":"ListItem","position":2,"name":"Unternehmen"}]},{"@type":"WebSite","@id":"http:\/\/comnova.de\/website\/#website","url":"http:\/\/comnova.de\/website\/","name":"Comnova GmbH","description":"Automation &amp; Services","publisher":{"@id":"http:\/\/comnova.de\/website\/#organization"},"potentialAction":[{"@type":"SearchAction","target":{"@type":"EntryPoint","urlTemplate":"http:\/\/comnova.de\/website\/?s={search_term_string}"},"query-input":{"@type":"PropertyValueSpecification","valueRequired":true,"valueName":"search_term_string"}}],"inLanguage":"en-US"},{"@type":"Organization","@id":"http:\/\/comnova.de\/website\/#organization","name":"Comnova GmbH","url":"http:\/\/comnova.de\/website\/","logo":{"@type":"ImageObject","inLanguage":"en-US","@id":"http:\/\/comnova.de\/website\/#\/schema\/logo\/image\/","url":"http:\/\/comnova.de\/website\/wp-content\/uploads\/2024\/08\/comnova-gmbh-logo.png","contentUrl":"http:\/\/comnova.de\/website\/wp-content\/uploads\/2024\/08\/comnova-gmbh-logo.png","width":300,"height":124,"caption":"Comnova GmbH"},"image":{"@id":"http:\/\/comnova.de\/website\/#\/schema\/logo\/image\/"}}]}},"uagb_featured_image_src":{"full":false,"thumbnail":false,"medium":false,"medium_large":false,"large":false,"1536x1536":false,"2048x2048":false},"uagb_author_info":{"display_name":"is","author_link":"http:\/\/comnova.de\/website\/author\/is\/"},"uagb_comment_info":0,"uagb_excerpt":"Unternehmen Die COMNOVA GmbH ist ein zukunftsweisendes Technologieunternehmen mit den Schwerpunkten Automatisierung in der Verfahrens- und Geb\u00e4udetechnik, MSR-Technik (Mess-, Steuer- und Regelungstechnik), Datenlogging und GMP-Services. Mit einem Team von hoch qualifizierten Spezialisten setzen wir f\u00fcr Sie komplexe automatisierungstechnische Aufgabenstellungen um. Dabei gilt f\u00fcr uns der Grundsatz, die optimale L\u00f6sung f\u00fcr Ihre individuellen Prozesse zu entwickeln.&hellip;","_links":{"self":[{"href":"http:\/\/comnova.de\/website\/wp-json\/wp\/v2\/pages\/2893","targetHints":{"allow":["GET"]}}],"collection":[{"href":"http:\/\/comnova.de\/website\/wp-json\/wp\/v2\/pages"}],"about":[{"href":"http:\/\/comnova.de\/website\/wp-json\/wp\/v2\/types\/page"}],"author":[{"embeddable":true,"href":"http:\/\/comnova.de\/website\/wp-json\/wp\/v2\/users\/1"}],"replies":[{"embeddable":true,"href":"http:\/\/comnova.de\/website\/wp-json\/wp\/v2\/comments?post=2893"}],"version-history":[{"count":0,"href":"http:\/\/comnova.de\/website\/wp-json\/wp\/v2\/pages\/2893\/revisions"}],"wp:attachment":[{"href":"http:\/\/comnova.de\/website\/wp-json\/wp\/v2\/media?parent=2893"}],"curies":[{"name":"wp","href":"https:\/\/api.w.org\/{rel}","templated":true}]}}