{"id":2833,"date":"2024-11-20T16:14:57","date_gmt":"2024-11-20T15:14:57","guid":{"rendered":"http:\/\/comnova.de\/website\/?page_id=2833"},"modified":"2024-11-22T07:53:00","modified_gmt":"2024-11-22T06:53:00","slug":"tr-57dci-de","status":"publish","type":"page","link":"http:\/\/comnova.de\/website\/de\/leistungen\/td-distributor-de\/tr-5i-series-de\/tr-57dci-de\/","title":{"rendered":"TR-57DCi de"},"content":{"rendered":"\n<p class=\"has-vivid-red-color has-text-color has-link-color wp-elements-5f56dc609880f042d3952bae5e5e92ff\" style=\"font-size:30px\">TR-57DCi<\/p>\n\n\n\n<p><\/p>\n\n\n\n<hr class=\"wp-block-separator has-text-color has-ast-global-color-7-color has-alpha-channel-opacity has-ast-global-color-7-background-color has-background is-style-wide\"\/>\n\n\n\n<div class=\"wp-block-columns is-layout-flex wp-container-core-columns-is-layout-28f84493 wp-block-columns-is-layout-flex\">\n<div class=\"wp-block-column is-layout-flow wp-block-column-is-layout-flow\" style=\"flex-basis:25%\">\n<figure class=\"wp-block-image size-full\"><img loading=\"lazy\" decoding=\"async\" width=\"190\" height=\"111\" src=\"http:\/\/comnova.de\/website\/wp-content\/uploads\/2024\/11\/TR-57DCi.jpg\" alt=\"\" class=\"wp-image-2703\"\/><\/figure>\n<\/div>\n\n\n\n<div class=\"wp-block-column is-layout-flow wp-block-column-is-layout-flow\" style=\"flex-basis:50%\">\n<h5 class=\"wp-block-heading\"><strong>Features<\/strong><\/h5>\n\n\n\n<p>Der TR-57DCi ist ein Datensammler, der f\u00fcr die Sammlung von aufgenommenen Messdaten der Datenlogger(T&amp;D Thermoaufnahmeger\u00e4te und Stromst\u00e4rkenmessger\u00e4te) entworfen ist.<br>Er kann f\u00fcr die Zusammenf\u00fchrung und Kontrolle der aufgenommenen Messdaten vor Ort benutzt werden, ohne Daten manuell sammeln zu m\u00fcssen. Aufnahmeeinstellungen der Datenlogger wie beispielsweise \u201eIntervallaufnahmen\u201c k\u00f6nnen direkt auf dem TR-57DCi vorgenommen werden.<br>Kompatible Ger\u00e4te sind die TR-5i Serie, die TR-55\/5 Serie, die RTR-500\/ 5 Serie, die TR-7Ui\/7U\/7S Serie und die VR-71 Serie)<\/p>\n<\/div>\n\n\n\n<div class=\"wp-block-column is-layout-flow wp-block-column-is-layout-flow\" style=\"flex-basis:25%\">\n<h5 class=\"wp-block-heading has-small-font-size\"><strong><strong><strong>Spezifikationen<\/strong><\/strong><\/strong><\/h5>\n\n\n\n<p class=\"has-small-font-size\">Klicken Sie auf den Link, um die Spezifikation zu \u00f6ffnen<strong><strong><a href=\"http:\/\/comnova.info\/en\/?page_id=30\"><br><\/a><\/strong><\/strong><\/p>\n\n\n\n<div class=\"wp-block-file\"><a id=\"wp-block-file--media-2d02d85c-a429-4250-af52-7804f2ca0826\" href=\"http:\/\/comnova.de\/website\/wp-content\/uploads\/2024\/11\/TR_57DCi.pdf\">TR_57DCi<\/a><a href=\"http:\/\/comnova.de\/website\/wp-content\/uploads\/2024\/11\/TR_57DCi.pdf\" class=\"wp-block-file__button wp-element-button\" download aria-describedby=\"wp-block-file--media-2d02d85c-a429-4250-af52-7804f2ca0826\">Download<\/a><\/div>\n<\/div>\n<\/div>\n\n\n\n<hr class=\"wp-block-separator has-text-color has-ast-global-color-7-color has-alpha-channel-opacity has-ast-global-color-7-background-color has-background is-style-wide\"\/>\n\n\n\n<p><strong>Kontaktieren Sie uns<\/strong><\/p>\n\n\n\n<div style=\"height:30px\" aria-hidden=\"true\" class=\"wp-block-spacer\"><\/div>\n\n\n\n<div class=\"wp-block-contact-form-7-contact-form-selector\">\n<div class=\"wpcf7 no-js\" id=\"wpcf7-f2747-o1\" lang=\"en-US\" dir=\"ltr\" data-wpcf7-id=\"2747\">\n<div class=\"screen-reader-response\"><p role=\"status\" aria-live=\"polite\" aria-atomic=\"true\"><\/p> <ul><\/ul><\/div>\n<form action=\"\/website\/wp-json\/wp\/v2\/pages\/2833#wpcf7-f2747-o1\" method=\"post\" class=\"wpcf7-form init\" aria-label=\"Contact form\" novalidate=\"novalidate\" data-status=\"init\">\n<div style=\"display: none;\">\n<input type=\"hidden\" name=\"_wpcf7\" value=\"2747\" \/>\n<input type=\"hidden\" name=\"_wpcf7_version\" value=\"6.0.6\" \/>\n<input type=\"hidden\" name=\"_wpcf7_locale\" value=\"en_US\" \/>\n<input type=\"hidden\" name=\"_wpcf7_unit_tag\" value=\"wpcf7-f2747-o1\" \/>\n<input type=\"hidden\" name=\"_wpcf7_container_post\" value=\"0\" \/>\n<input type=\"hidden\" name=\"_wpcf7_posted_data_hash\" value=\"\" \/>\n<\/div>\n<p><label> Vorname \/ Nachname <I>(Pflichtfeld)<\/i><br \/>\n<span class=\"wpcf7-form-control-wrap\" data-name=\"your-name\"><input size=\"40\" maxlength=\"400\" class=\"wpcf7-form-control wpcf7-text wpcf7-validates-as-required\" aria-required=\"true\" aria-invalid=\"false\" value=\"\" type=\"text\" name=\"your-name\" \/><\/span> <\/label>\n<\/p>\n<p><label> E-mail <I>(Pflichtfeld)<\/i><br \/>\n<span class=\"wpcf7-form-control-wrap\" data-name=\"your-email\"><input size=\"40\" maxlength=\"400\" class=\"wpcf7-form-control wpcf7-email wpcf7-validates-as-required wpcf7-text wpcf7-validates-as-email\" aria-required=\"true\" aria-invalid=\"false\" value=\"\" type=\"email\" name=\"your-email\" \/><\/span> <\/label>\n<\/p>\n<p><label> Telefon<br \/>\n<span class=\"wpcf7-form-control-wrap\" data-name=\"text-652\"><input size=\"40\" maxlength=\"400\" class=\"wpcf7-form-control wpcf7-text\" aria-invalid=\"false\" value=\"\" type=\"text\" name=\"text-652\" \/><\/span> <\/label>\n<\/p>\n<p><label> Anmerkung <I>(Pflichtfeld)<\/i><br \/>\n<span class=\"wpcf7-form-control-wrap\" data-name=\"your-message\"><textarea cols=\"40\" rows=\"10\" maxlength=\"2000\" class=\"wpcf7-form-control wpcf7-textarea wpcf7-validates-as-required\" aria-required=\"true\" aria-invalid=\"false\" name=\"your-message\"><\/textarea><\/span> <\/label>\n<\/p>\n<p><input class=\"wpcf7-form-control wpcf7-submit has-spinner\" type=\"submit\" value=\"ABSENDEN\" \/>\n<\/p><div class=\"wpcf7-response-output\" aria-hidden=\"true\"><\/div>\n<\/form>\n<\/div>\n<\/div>\n","protected":false},"excerpt":{"rendered":"<p>TR-57DCi Features Der TR-57DCi ist ein Datensammler, der f\u00fcr die Sammlung von aufgenommenen Messdaten der Datenlogger(T&amp;D Thermoaufnahmeger\u00e4te und Stromst\u00e4rkenmessger\u00e4te) entworfen ist.Er kann f\u00fcr die Zusammenf\u00fchrung und Kontrolle der aufgenommenen Messdaten vor Ort benutzt werden, ohne Daten manuell sammeln zu m\u00fcssen. Aufnahmeeinstellungen der Datenlogger wie beispielsweise \u201eIntervallaufnahmen\u201c k\u00f6nnen direkt auf dem TR-57DCi vorgenommen werden.Kompatible Ger\u00e4te sind [&hellip;]<\/p>\n","protected":false},"author":1,"featured_media":0,"parent":2707,"menu_order":0,"comment_status":"closed","ping_status":"closed","template":"","meta":{"_uag_custom_page_level_css":"","site-sidebar-layout":"default","site-content-layout":"","ast-site-content-layout":"default","site-content-style":"default","site-sidebar-style":"default","ast-global-header-display":"","ast-banner-title-visibility":"","ast-main-header-display":"","ast-hfb-above-header-display":"","ast-hfb-below-header-display":"","ast-hfb-mobile-header-display":"","site-post-title":"disabled","ast-breadcrumbs-content":"","ast-featured-img":"","footer-sml-layout":"","theme-transparent-header-meta":"","adv-header-id-meta":"","stick-header-meta":"","header-above-stick-meta":"","header-main-stick-meta":"","header-below-stick-meta":"","astra-migrate-meta-layouts":"set","ast-page-background-enabled":"default","ast-page-background-meta":{"desktop":{"background-color":"var(--ast-global-color-4)","background-image":"","background-repeat":"repeat","background-position":"center center","background-size":"auto","background-attachment":"scroll","background-type":"","background-media":"","overlay-type":"","overlay-color":"","overlay-opacity":"","overlay-gradient":""},"tablet":{"background-color":"","background-image":"","background-repeat":"repeat","background-position":"center center","background-size":"auto","background-attachment":"scroll","background-type":"","background-media":"","overlay-type":"","overlay-color":"","overlay-opacity":"","overlay-gradient":""},"mobile":{"background-color":"","background-image":"","background-repeat":"repeat","background-position":"center center","background-size":"auto","background-attachment":"scroll","background-type":"","background-media":"","overlay-type":"","overlay-color":"","overlay-opacity":"","overlay-gradient":""}},"ast-content-background-meta":{"desktop":{"background-color":"var(--ast-global-color-5)","background-image":"","background-repeat":"repeat","background-position":"center center","background-size":"auto","background-attachment":"scroll","background-type":"","background-media":"","overlay-type":"","overlay-color":"","overlay-opacity":"","overlay-gradient":""},"tablet":{"background-color":"var(--ast-global-color-5)","background-image":"","background-repeat":"repeat","background-position":"center center","background-size":"auto","background-attachment":"scroll","background-type":"","background-media":"","overlay-type":"","overlay-color":"","overlay-opacity":"","overlay-gradient":""},"mobile":{"background-color":"var(--ast-global-color-5)","background-image":"","background-repeat":"repeat","background-position":"center center","background-size":"auto","background-attachment":"scroll","background-type":"","background-media":"","overlay-type":"","overlay-color":"","overlay-opacity":"","overlay-gradient":""}},"footnotes":""},"class_list":["post-2833","page","type-page","status-publish","hentry"],"yoast_head":"<!-- This site is optimized with the Yoast SEO plugin v25.3 - https:\/\/yoast.com\/wordpress\/plugins\/seo\/ -->\n<title>TR-57DCi de - Comnova GmbH<\/title>\n<meta name=\"robots\" content=\"index, follow, max-snippet:-1, max-image-preview:large, max-video-preview:-1\" \/>\n<link rel=\"canonical\" href=\"http:\/\/comnova.de\/website\/de\/leistungen\/td-distributor-de\/tr-5i-series-de\/tr-57dci-de\/\" \/>\n<meta property=\"og:locale\" content=\"en_US\" \/>\n<meta property=\"og:type\" content=\"article\" \/>\n<meta property=\"og:title\" content=\"TR-57DCi de - Comnova GmbH\" \/>\n<meta property=\"og:description\" content=\"TR-57DCi Features Der TR-57DCi ist ein Datensammler, der f\u00fcr die Sammlung von aufgenommenen Messdaten der Datenlogger(T&amp;D Thermoaufnahmeger\u00e4te und Stromst\u00e4rkenmessger\u00e4te) entworfen ist.Er kann f\u00fcr die Zusammenf\u00fchrung und Kontrolle der aufgenommenen Messdaten vor Ort benutzt werden, ohne Daten manuell sammeln zu m\u00fcssen. Aufnahmeeinstellungen der Datenlogger wie beispielsweise \u201eIntervallaufnahmen\u201c k\u00f6nnen direkt auf dem TR-57DCi vorgenommen werden.Kompatible Ger\u00e4te sind [&hellip;]\" \/>\n<meta property=\"og:url\" content=\"http:\/\/comnova.de\/website\/de\/leistungen\/td-distributor-de\/tr-5i-series-de\/tr-57dci-de\/\" \/>\n<meta property=\"og:site_name\" content=\"Comnova GmbH\" \/>\n<meta property=\"article:modified_time\" content=\"2024-11-22T06:53:00+00:00\" \/>\n<meta property=\"og:image\" content=\"http:\/\/comnova.de\/website\/wp-content\/uploads\/2024\/11\/TR-57DCi.jpg\" \/>\n<meta name=\"twitter:card\" content=\"summary_large_image\" \/>\n<meta name=\"twitter:label1\" content=\"Est. reading time\" \/>\n\t<meta name=\"twitter:data1\" content=\"1 minute\" \/>\n<script type=\"application\/ld+json\" class=\"yoast-schema-graph\">{\"@context\":\"https:\/\/schema.org\",\"@graph\":[{\"@type\":\"WebPage\",\"@id\":\"http:\/\/comnova.de\/website\/de\/leistungen\/td-distributor-de\/tr-5i-series-de\/tr-57dci-de\/\",\"url\":\"http:\/\/comnova.de\/website\/de\/leistungen\/td-distributor-de\/tr-5i-series-de\/tr-57dci-de\/\",\"name\":\"TR-57DCi de - Comnova GmbH\",\"isPartOf\":{\"@id\":\"http:\/\/comnova.de\/website\/#website\"},\"primaryImageOfPage\":{\"@id\":\"http:\/\/comnova.de\/website\/de\/leistungen\/td-distributor-de\/tr-5i-series-de\/tr-57dci-de\/#primaryimage\"},\"image\":{\"@id\":\"http:\/\/comnova.de\/website\/de\/leistungen\/td-distributor-de\/tr-5i-series-de\/tr-57dci-de\/#primaryimage\"},\"thumbnailUrl\":\"http:\/\/comnova.de\/website\/wp-content\/uploads\/2024\/11\/TR-57DCi.jpg\",\"datePublished\":\"2024-11-20T15:14:57+00:00\",\"dateModified\":\"2024-11-22T06:53:00+00:00\",\"breadcrumb\":{\"@id\":\"http:\/\/comnova.de\/website\/de\/leistungen\/td-distributor-de\/tr-5i-series-de\/tr-57dci-de\/#breadcrumb\"},\"inLanguage\":\"en-US\",\"potentialAction\":[{\"@type\":\"ReadAction\",\"target\":[\"http:\/\/comnova.de\/website\/de\/leistungen\/td-distributor-de\/tr-5i-series-de\/tr-57dci-de\/\"]}]},{\"@type\":\"ImageObject\",\"inLanguage\":\"en-US\",\"@id\":\"http:\/\/comnova.de\/website\/de\/leistungen\/td-distributor-de\/tr-5i-series-de\/tr-57dci-de\/#primaryimage\",\"url\":\"http:\/\/comnova.de\/website\/wp-content\/uploads\/2024\/11\/TR-57DCi.jpg\",\"contentUrl\":\"http:\/\/comnova.de\/website\/wp-content\/uploads\/2024\/11\/TR-57DCi.jpg\",\"width\":190,\"height\":111},{\"@type\":\"BreadcrumbList\",\"@id\":\"http:\/\/comnova.de\/website\/de\/leistungen\/td-distributor-de\/tr-5i-series-de\/tr-57dci-de\/#breadcrumb\",\"itemListElement\":[{\"@type\":\"ListItem\",\"position\":1,\"name\":\"Home\",\"item\":\"http:\/\/comnova.de\/website\/en\/comnova-gmbh-specializing-in-automation-gmp-services-td-distributor\/\"},{\"@type\":\"ListItem\",\"position\":2,\"name\":\"Leistungen\",\"item\":\"http:\/\/comnova.de\/website\/de\/leistungen\/\"},{\"@type\":\"ListItem\",\"position\":3,\"name\":\"T&amp;D Distributor-de\",\"item\":\"http:\/\/comnova.de\/website\/de\/leistungen\/td-distributor-de\/\"},{\"@type\":\"ListItem\",\"position\":4,\"name\":\"TR-5i Series de\",\"item\":\"http:\/\/comnova.de\/website\/de\/leistungen\/td-distributor-de\/tr-5i-series-de\/\"},{\"@type\":\"ListItem\",\"position\":5,\"name\":\"TR-57DCi de\"}]},{\"@type\":\"WebSite\",\"@id\":\"http:\/\/comnova.de\/website\/#website\",\"url\":\"http:\/\/comnova.de\/website\/\",\"name\":\"Comnova GmbH\",\"description\":\"Automation &amp; Services\",\"publisher\":{\"@id\":\"http:\/\/comnova.de\/website\/#organization\"},\"potentialAction\":[{\"@type\":\"SearchAction\",\"target\":{\"@type\":\"EntryPoint\",\"urlTemplate\":\"http:\/\/comnova.de\/website\/?s={search_term_string}\"},\"query-input\":{\"@type\":\"PropertyValueSpecification\",\"valueRequired\":true,\"valueName\":\"search_term_string\"}}],\"inLanguage\":\"en-US\"},{\"@type\":\"Organization\",\"@id\":\"http:\/\/comnova.de\/website\/#organization\",\"name\":\"Comnova GmbH\",\"url\":\"http:\/\/comnova.de\/website\/\",\"logo\":{\"@type\":\"ImageObject\",\"inLanguage\":\"en-US\",\"@id\":\"http:\/\/comnova.de\/website\/#\/schema\/logo\/image\/\",\"url\":\"http:\/\/comnova.de\/website\/wp-content\/uploads\/2024\/08\/comnova-gmbh-logo.png\",\"contentUrl\":\"http:\/\/comnova.de\/website\/wp-content\/uploads\/2024\/08\/comnova-gmbh-logo.png\",\"width\":300,\"height\":124,\"caption\":\"Comnova GmbH\"},\"image\":{\"@id\":\"http:\/\/comnova.de\/website\/#\/schema\/logo\/image\/\"}}]}<\/script>\n<!-- \/ Yoast SEO plugin. -->","yoast_head_json":{"title":"TR-57DCi de - Comnova GmbH","robots":{"index":"index","follow":"follow","max-snippet":"max-snippet:-1","max-image-preview":"max-image-preview:large","max-video-preview":"max-video-preview:-1"},"canonical":"http:\/\/comnova.de\/website\/de\/leistungen\/td-distributor-de\/tr-5i-series-de\/tr-57dci-de\/","og_locale":"en_US","og_type":"article","og_title":"TR-57DCi de - Comnova GmbH","og_description":"TR-57DCi Features Der TR-57DCi ist ein Datensammler, der f\u00fcr die Sammlung von aufgenommenen Messdaten der Datenlogger(T&amp;D Thermoaufnahmeger\u00e4te und Stromst\u00e4rkenmessger\u00e4te) entworfen ist.Er kann f\u00fcr die Zusammenf\u00fchrung und Kontrolle der aufgenommenen Messdaten vor Ort benutzt werden, ohne Daten manuell sammeln zu m\u00fcssen. Aufnahmeeinstellungen der Datenlogger wie beispielsweise \u201eIntervallaufnahmen\u201c k\u00f6nnen direkt auf dem TR-57DCi vorgenommen werden.Kompatible Ger\u00e4te sind [&hellip;]","og_url":"http:\/\/comnova.de\/website\/de\/leistungen\/td-distributor-de\/tr-5i-series-de\/tr-57dci-de\/","og_site_name":"Comnova GmbH","article_modified_time":"2024-11-22T06:53:00+00:00","og_image":[{"url":"http:\/\/comnova.de\/website\/wp-content\/uploads\/2024\/11\/TR-57DCi.jpg","type":"","width":"","height":""}],"twitter_card":"summary_large_image","twitter_misc":{"Est. reading time":"1 minute"},"schema":{"@context":"https:\/\/schema.org","@graph":[{"@type":"WebPage","@id":"http:\/\/comnova.de\/website\/de\/leistungen\/td-distributor-de\/tr-5i-series-de\/tr-57dci-de\/","url":"http:\/\/comnova.de\/website\/de\/leistungen\/td-distributor-de\/tr-5i-series-de\/tr-57dci-de\/","name":"TR-57DCi de - Comnova GmbH","isPartOf":{"@id":"http:\/\/comnova.de\/website\/#website"},"primaryImageOfPage":{"@id":"http:\/\/comnova.de\/website\/de\/leistungen\/td-distributor-de\/tr-5i-series-de\/tr-57dci-de\/#primaryimage"},"image":{"@id":"http:\/\/comnova.de\/website\/de\/leistungen\/td-distributor-de\/tr-5i-series-de\/tr-57dci-de\/#primaryimage"},"thumbnailUrl":"http:\/\/comnova.de\/website\/wp-content\/uploads\/2024\/11\/TR-57DCi.jpg","datePublished":"2024-11-20T15:14:57+00:00","dateModified":"2024-11-22T06:53:00+00:00","breadcrumb":{"@id":"http:\/\/comnova.de\/website\/de\/leistungen\/td-distributor-de\/tr-5i-series-de\/tr-57dci-de\/#breadcrumb"},"inLanguage":"en-US","potentialAction":[{"@type":"ReadAction","target":["http:\/\/comnova.de\/website\/de\/leistungen\/td-distributor-de\/tr-5i-series-de\/tr-57dci-de\/"]}]},{"@type":"ImageObject","inLanguage":"en-US","@id":"http:\/\/comnova.de\/website\/de\/leistungen\/td-distributor-de\/tr-5i-series-de\/tr-57dci-de\/#primaryimage","url":"http:\/\/comnova.de\/website\/wp-content\/uploads\/2024\/11\/TR-57DCi.jpg","contentUrl":"http:\/\/comnova.de\/website\/wp-content\/uploads\/2024\/11\/TR-57DCi.jpg","width":190,"height":111},{"@type":"BreadcrumbList","@id":"http:\/\/comnova.de\/website\/de\/leistungen\/td-distributor-de\/tr-5i-series-de\/tr-57dci-de\/#breadcrumb","itemListElement":[{"@type":"ListItem","position":1,"name":"Home","item":"http:\/\/comnova.de\/website\/en\/comnova-gmbh-specializing-in-automation-gmp-services-td-distributor\/"},{"@type":"ListItem","position":2,"name":"Leistungen","item":"http:\/\/comnova.de\/website\/de\/leistungen\/"},{"@type":"ListItem","position":3,"name":"T&amp;D Distributor-de","item":"http:\/\/comnova.de\/website\/de\/leistungen\/td-distributor-de\/"},{"@type":"ListItem","position":4,"name":"TR-5i Series de","item":"http:\/\/comnova.de\/website\/de\/leistungen\/td-distributor-de\/tr-5i-series-de\/"},{"@type":"ListItem","position":5,"name":"TR-57DCi de"}]},{"@type":"WebSite","@id":"http:\/\/comnova.de\/website\/#website","url":"http:\/\/comnova.de\/website\/","name":"Comnova GmbH","description":"Automation &amp; Services","publisher":{"@id":"http:\/\/comnova.de\/website\/#organization"},"potentialAction":[{"@type":"SearchAction","target":{"@type":"EntryPoint","urlTemplate":"http:\/\/comnova.de\/website\/?s={search_term_string}"},"query-input":{"@type":"PropertyValueSpecification","valueRequired":true,"valueName":"search_term_string"}}],"inLanguage":"en-US"},{"@type":"Organization","@id":"http:\/\/comnova.de\/website\/#organization","name":"Comnova GmbH","url":"http:\/\/comnova.de\/website\/","logo":{"@type":"ImageObject","inLanguage":"en-US","@id":"http:\/\/comnova.de\/website\/#\/schema\/logo\/image\/","url":"http:\/\/comnova.de\/website\/wp-content\/uploads\/2024\/08\/comnova-gmbh-logo.png","contentUrl":"http:\/\/comnova.de\/website\/wp-content\/uploads\/2024\/08\/comnova-gmbh-logo.png","width":300,"height":124,"caption":"Comnova GmbH"},"image":{"@id":"http:\/\/comnova.de\/website\/#\/schema\/logo\/image\/"}}]}},"uagb_featured_image_src":{"full":false,"thumbnail":false,"medium":false,"medium_large":false,"large":false,"1536x1536":false,"2048x2048":false},"uagb_author_info":{"display_name":"is","author_link":"http:\/\/comnova.de\/website\/author\/is\/"},"uagb_comment_info":0,"uagb_excerpt":"TR-57DCi Features Der TR-57DCi ist ein Datensammler, der f\u00fcr die Sammlung von aufgenommenen Messdaten der Datenlogger(T&amp;D Thermoaufnahmeger\u00e4te und Stromst\u00e4rkenmessger\u00e4te) entworfen ist.Er kann f\u00fcr die Zusammenf\u00fchrung und Kontrolle der aufgenommenen Messdaten vor Ort benutzt werden, ohne Daten manuell sammeln zu m\u00fcssen. Aufnahmeeinstellungen der Datenlogger wie beispielsweise \u201eIntervallaufnahmen\u201c k\u00f6nnen direkt auf dem TR-57DCi vorgenommen werden.Kompatible Ger\u00e4te sind&hellip;","_links":{"self":[{"href":"http:\/\/comnova.de\/website\/wp-json\/wp\/v2\/pages\/2833","targetHints":{"allow":["GET"]}}],"collection":[{"href":"http:\/\/comnova.de\/website\/wp-json\/wp\/v2\/pages"}],"about":[{"href":"http:\/\/comnova.de\/website\/wp-json\/wp\/v2\/types\/page"}],"author":[{"embeddable":true,"href":"http:\/\/comnova.de\/website\/wp-json\/wp\/v2\/users\/1"}],"replies":[{"embeddable":true,"href":"http:\/\/comnova.de\/website\/wp-json\/wp\/v2\/comments?post=2833"}],"version-history":[{"count":0,"href":"http:\/\/comnova.de\/website\/wp-json\/wp\/v2\/pages\/2833\/revisions"}],"up":[{"embeddable":true,"href":"http:\/\/comnova.de\/website\/wp-json\/wp\/v2\/pages\/2707"}],"wp:attachment":[{"href":"http:\/\/comnova.de\/website\/wp-json\/wp\/v2\/media?parent=2833"}],"curies":[{"name":"wp","href":"https:\/\/api.w.org\/{rel}","templated":true}]}}