{"id":2177,"date":"2024-08-04T22:06:35","date_gmt":"2024-08-04T20:06:35","guid":{"rendered":"http:\/\/comnova.de\/website\/?page_id=2177"},"modified":"2025-05-20T02:41:55","modified_gmt":"2025-05-20T00:41:55","slug":"leistungen","status":"publish","type":"page","link":"http:\/\/comnova.de\/website\/de\/leistungen\/","title":{"rendered":"Leistungen"},"content":{"rendered":"\n<p class=\"has-vivid-red-color has-text-color has-link-color wp-elements-56a7e3110f4c93d84990da51a246328d\" style=\"font-size:30px\">Leistungen<\/p>\n\n\n\n<p class=\"has-vivid-red-color has-text-color has-link-color has-medium-font-size wp-elements-e98abde28c8fd352e7b77c934b89bcc5\"><strong>Automatisierung \u2013 GMP-Services \u2013 Datenlogging<\/strong><\/p>\n\n\n\n<p>Die COMNOVA GmbH ist Ihr Partner f\u00fcr die Bereiche Automatisierung in der Verfahrens- und Geb\u00e4udetechnik, der allgemeinen MSR-Technik (Mess-, Steuer- und Regelungstechnik), Datenlogging sowie GMP-Services. (Good Manufacturing Practise).<br>Mit einem Team von erfahrenen Ingenieuren und Spezialisten entwickeln wir f\u00fcr Sie passgenaue technologische L\u00f6sungen. Dabei stehen Ihre individuellen Prozesse und Anforderungen immer im Mittelpunkt. Unsere Schwerpunkte sind die Pharma- und Telekommunikationsbranche, die Energiewirtschaft und die \u00f6ffentliche Hand. Dar\u00fcber hinaus liefern wir automatisierungstechnische Sonderl\u00f6sungen im Umfeld der Schwerindustrie. <\/p>\n\n\n\n<div style=\"height:100px\" aria-hidden=\"true\" class=\"wp-block-spacer\"><\/div>\n\n\n\n<div class=\"wp-block-columns is-layout-flex wp-container-core-columns-is-layout-28f84493 wp-block-columns-is-layout-flex\">\n<div class=\"wp-block-column is-layout-flow wp-block-column-is-layout-flow\">\n<figure class=\"wp-block-image size-full\"><a href=\"http:\/\/comnova.de\/website\/de\/automation-de\/\"><img loading=\"lazy\" decoding=\"async\" width=\"800\" height=\"480\" src=\"http:\/\/comnova.de\/website\/wp-content\/uploads\/2024\/08\/automation.jpg\" alt=\"\" class=\"wp-image-2650\" srcset=\"http:\/\/comnova.de\/website\/wp-content\/uploads\/2024\/08\/automation.jpg 800w, http:\/\/comnova.de\/website\/wp-content\/uploads\/2024\/08\/automation-300x180.jpg 300w, http:\/\/comnova.de\/website\/wp-content\/uploads\/2024\/08\/automation-768x461.jpg 768w\" sizes=\"auto, (max-width: 800px) 100vw, 800px\" \/><\/a><\/figure>\n\n\n\n<p class=\"has-text-color has-link-color wp-elements-aa7d987d263ddf80b90e21ae05a790c2\" style=\"color:#b81a1a;margin-top:30px;margin-bottom:0px;font-size:18px\"><strong><strong><strong><a href=\"http:\/\/comnova.de\/website\/de\/automation-de\/\" data-type=\"page\" data-id=\"2222\">Automation<\/a><\/strong><\/strong><\/strong><\/p>\n\n\n\n<p>Unsere hochqualifizierten Mitarbeiter meistern f\u00fcr Sie komplexe Aufgaben- stellungen in der Automatisierungstechnik<\/p>\n<\/div>\n\n\n\n<div class=\"wp-block-column is-layout-flow wp-block-column-is-layout-flow\">\n<div class=\"wp-block-group is-layout-constrained wp-block-group-is-layout-constrained\">\n<figure class=\"wp-block-image size-full\"><a href=\"http:\/\/comnova.de\/website\/de\/gmp-services-de\/\"><img loading=\"lazy\" decoding=\"async\" width=\"800\" height=\"480\" src=\"http:\/\/comnova.de\/website\/wp-content\/uploads\/2024\/08\/gmp-service.jpg\" alt=\"\" class=\"wp-image-2652\" srcset=\"http:\/\/comnova.de\/website\/wp-content\/uploads\/2024\/08\/gmp-service.jpg 800w, http:\/\/comnova.de\/website\/wp-content\/uploads\/2024\/08\/gmp-service-300x180.jpg 300w, http:\/\/comnova.de\/website\/wp-content\/uploads\/2024\/08\/gmp-service-768x461.jpg 768w\" sizes=\"auto, (max-width: 800px) 100vw, 800px\" \/><\/a><\/figure>\n\n\n\n<p class=\"has-text-color has-link-color wp-elements-c4ac77b583c9c6f4c43677ea02fdc500\" style=\"color:#b81a1a;margin-top:30px;margin-bottom:0px;font-size:18px\"><strong><strong><strong><a href=\"http:\/\/comnova.de\/website\/de\/gmp-services-de\/\" data-type=\"page\" data-id=\"2226\">GMP-Services<\/a><\/strong><\/strong><\/strong><\/p>\n\n\n\n<p>Mit unserem Spezial-Know-how im Pharmabereich unterst\u00fctzen wir Sie kompetent bei der Umsetzung von GMP-Anforderungen.<\/p>\n<\/div>\n<\/div>\n\n\n\n<div class=\"wp-block-column is-layout-flow wp-block-column-is-layout-flow\">\n<div class=\"wp-block-group is-layout-constrained wp-block-group-is-layout-constrained\">\n<figure class=\"wp-block-image size-full\"><a href=\"http:\/\/comnova.de\/website\/de\/td-distributor-de\/\"><img loading=\"lazy\" decoding=\"async\" width=\"800\" height=\"480\" src=\"http:\/\/comnova.de\/website\/wp-content\/uploads\/2024\/08\/t-d-distributor.jpg\" alt=\"\" class=\"wp-image-2653\" srcset=\"http:\/\/comnova.de\/website\/wp-content\/uploads\/2024\/08\/t-d-distributor.jpg 800w, http:\/\/comnova.de\/website\/wp-content\/uploads\/2024\/08\/t-d-distributor-300x180.jpg 300w, http:\/\/comnova.de\/website\/wp-content\/uploads\/2024\/08\/t-d-distributor-768x461.jpg 768w\" sizes=\"auto, (max-width: 800px) 100vw, 800px\" \/><\/a><\/figure>\n\n\n\n<p class=\"has-text-color has-link-color wp-elements-89ecc299774879bc30966c9e8de8935c\" style=\"color:#b81a1a;margin-top:30px;margin-bottom:0px;font-size:18px\"><strong><strong><strong><a href=\"http:\/\/comnova.de\/website\/de\/td-distributor-de\/\" data-type=\"page\" data-id=\"2190\">T&amp;D Distributor<\/a><\/strong><\/strong><\/strong><\/p>\n\n\n\n<p>Die COMNOVA GmbH liefert Ihnen innovative Datenlogger des f\u00fchrenden japanischen Messtechnik-Herstellers T&amp;D Corporation.<\/p>\n<\/div>\n<\/div>\n<\/div>\n\n\n\n<p><\/p>\n","protected":false},"excerpt":{"rendered":"<p>Leistungen Automatisierung \u2013 GMP-Services \u2013 Datenlogging Die COMNOVA GmbH ist Ihr Partner f\u00fcr die Bereiche Automatisierung in der Verfahrens- und Geb\u00e4udetechnik, der allgemeinen MSR-Technik (Mess-, Steuer- und Regelungstechnik), Datenlogging sowie GMP-Services. (Good Manufacturing Practise).Mit einem Team von erfahrenen Ingenieuren und Spezialisten entwickeln wir f\u00fcr Sie passgenaue technologische L\u00f6sungen. Dabei stehen Ihre individuellen Prozesse und Anforderungen [&hellip;]<\/p>\n","protected":false},"author":1,"featured_media":0,"parent":0,"menu_order":0,"comment_status":"closed","ping_status":"closed","template":"","meta":{"_uag_custom_page_level_css":"","site-sidebar-layout":"default","site-content-layout":"","ast-site-content-layout":"default","site-content-style":"default","site-sidebar-style":"default","ast-global-header-display":"","ast-banner-title-visibility":"","ast-main-header-display":"","ast-hfb-above-header-display":"","ast-hfb-below-header-display":"","ast-hfb-mobile-header-display":"","site-post-title":"disabled","ast-breadcrumbs-content":"","ast-featured-img":"","footer-sml-layout":"","theme-transparent-header-meta":"","adv-header-id-meta":"","stick-header-meta":"","header-above-stick-meta":"","header-main-stick-meta":"","header-below-stick-meta":"","astra-migrate-meta-layouts":"set","ast-page-background-enabled":"default","ast-page-background-meta":{"desktop":{"background-color":"var(--ast-global-color-4)","background-image":"","background-repeat":"repeat","background-position":"center center","background-size":"auto","background-attachment":"scroll","background-type":"","background-media":"","overlay-type":"","overlay-color":"","overlay-opacity":"","overlay-gradient":""},"tablet":{"background-color":"","background-image":"","background-repeat":"repeat","background-position":"center center","background-size":"auto","background-attachment":"scroll","background-type":"","background-media":"","overlay-type":"","overlay-color":"","overlay-opacity":"","overlay-gradient":""},"mobile":{"background-color":"","background-image":"","background-repeat":"repeat","background-position":"center center","background-size":"auto","background-attachment":"scroll","background-type":"","background-media":"","overlay-type":"","overlay-color":"","overlay-opacity":"","overlay-gradient":""}},"ast-content-background-meta":{"desktop":{"background-color":"var(--ast-global-color-5)","background-image":"","background-repeat":"repeat","background-position":"center center","background-size":"auto","background-attachment":"scroll","background-type":"","background-media":"","overlay-type":"","overlay-color":"","overlay-opacity":"","overlay-gradient":""},"tablet":{"background-color":"var(--ast-global-color-5)","background-image":"","background-repeat":"repeat","background-position":"center center","background-size":"auto","background-attachment":"scroll","background-type":"","background-media":"","overlay-type":"","overlay-color":"","overlay-opacity":"","overlay-gradient":""},"mobile":{"background-color":"var(--ast-global-color-5)","background-image":"","background-repeat":"repeat","background-position":"center center","background-size":"auto","background-attachment":"scroll","background-type":"","background-media":"","overlay-type":"","overlay-color":"","overlay-opacity":"","overlay-gradient":""}},"footnotes":""},"class_list":["post-2177","page","type-page","status-publish","hentry"],"yoast_head":"<!-- This site is optimized with the Yoast SEO plugin v25.3 - https:\/\/yoast.com\/wordpress\/plugins\/seo\/ -->\n<title>Leistungen - Comnova GmbH<\/title>\n<meta name=\"description\" content=\"Die COMNOVA GmbH ist Ihr Partner f\u00fcr die Bereiche Automatisierung in der Verfahrens- und Geb\u00e4udetechnik, der allgemeinen MSR-Technik, Datenlogging sowie GMP-Services.\" \/>\n<meta name=\"robots\" content=\"index, follow, max-snippet:-1, max-image-preview:large, max-video-preview:-1\" \/>\n<link rel=\"canonical\" href=\"http:\/\/comnova.de\/website\/de\/leistungen\/\" \/>\n<meta property=\"og:locale\" content=\"en_US\" \/>\n<meta property=\"og:type\" content=\"article\" \/>\n<meta property=\"og:title\" content=\"Leistungen - Comnova GmbH\" \/>\n<meta property=\"og:description\" content=\"Die COMNOVA GmbH ist Ihr Partner f\u00fcr die Bereiche Automatisierung in der Verfahrens- und Geb\u00e4udetechnik, der allgemeinen MSR-Technik, Datenlogging sowie GMP-Services.\" \/>\n<meta property=\"og:url\" content=\"http:\/\/comnova.de\/website\/de\/leistungen\/\" \/>\n<meta property=\"og:site_name\" content=\"Comnova GmbH\" \/>\n<meta property=\"article:modified_time\" content=\"2025-05-20T00:41:55+00:00\" \/>\n<meta property=\"og:image\" content=\"http:\/\/comnova.de\/website\/wp-content\/uploads\/2024\/08\/automation.jpg\" \/>\n\t<meta property=\"og:image:width\" content=\"800\" \/>\n\t<meta property=\"og:image:height\" content=\"480\" \/>\n\t<meta property=\"og:image:type\" content=\"image\/jpeg\" \/>\n<meta name=\"twitter:card\" content=\"summary_large_image\" \/>\n<meta name=\"twitter:label1\" content=\"Est. reading time\" \/>\n\t<meta name=\"twitter:data1\" content=\"2 minutes\" \/>\n<script type=\"application\/ld+json\" class=\"yoast-schema-graph\">{\"@context\":\"https:\/\/schema.org\",\"@graph\":[{\"@type\":\"WebPage\",\"@id\":\"http:\/\/comnova.de\/website\/de\/leistungen\/\",\"url\":\"http:\/\/comnova.de\/website\/de\/leistungen\/\",\"name\":\"Leistungen - Comnova GmbH\",\"isPartOf\":{\"@id\":\"http:\/\/comnova.de\/website\/#website\"},\"primaryImageOfPage\":{\"@id\":\"http:\/\/comnova.de\/website\/de\/leistungen\/#primaryimage\"},\"image\":{\"@id\":\"http:\/\/comnova.de\/website\/de\/leistungen\/#primaryimage\"},\"thumbnailUrl\":\"http:\/\/comnova.de\/website\/wp-content\/uploads\/2024\/08\/automation.jpg\",\"datePublished\":\"2024-08-04T20:06:35+00:00\",\"dateModified\":\"2025-05-20T00:41:55+00:00\",\"description\":\"Die COMNOVA GmbH ist Ihr Partner f\u00fcr die Bereiche Automatisierung in der Verfahrens- und Geb\u00e4udetechnik, der allgemeinen MSR-Technik, Datenlogging sowie GMP-Services.\",\"breadcrumb\":{\"@id\":\"http:\/\/comnova.de\/website\/de\/leistungen\/#breadcrumb\"},\"inLanguage\":\"en-US\",\"potentialAction\":[{\"@type\":\"ReadAction\",\"target\":[\"http:\/\/comnova.de\/website\/de\/leistungen\/\"]}]},{\"@type\":\"ImageObject\",\"inLanguage\":\"en-US\",\"@id\":\"http:\/\/comnova.de\/website\/de\/leistungen\/#primaryimage\",\"url\":\"http:\/\/comnova.de\/website\/wp-content\/uploads\/2024\/08\/automation.jpg\",\"contentUrl\":\"http:\/\/comnova.de\/website\/wp-content\/uploads\/2024\/08\/automation.jpg\",\"width\":800,\"height\":480},{\"@type\":\"BreadcrumbList\",\"@id\":\"http:\/\/comnova.de\/website\/de\/leistungen\/#breadcrumb\",\"itemListElement\":[{\"@type\":\"ListItem\",\"position\":1,\"name\":\"Home\",\"item\":\"http:\/\/comnova.de\/website\/en\/comnova-gmbh-specializing-in-automation-gmp-services-td-distributor\/\"},{\"@type\":\"ListItem\",\"position\":2,\"name\":\"Leistungen\"}]},{\"@type\":\"WebSite\",\"@id\":\"http:\/\/comnova.de\/website\/#website\",\"url\":\"http:\/\/comnova.de\/website\/\",\"name\":\"Comnova GmbH\",\"description\":\"Automation &amp; Services\",\"publisher\":{\"@id\":\"http:\/\/comnova.de\/website\/#organization\"},\"potentialAction\":[{\"@type\":\"SearchAction\",\"target\":{\"@type\":\"EntryPoint\",\"urlTemplate\":\"http:\/\/comnova.de\/website\/?s={search_term_string}\"},\"query-input\":{\"@type\":\"PropertyValueSpecification\",\"valueRequired\":true,\"valueName\":\"search_term_string\"}}],\"inLanguage\":\"en-US\"},{\"@type\":\"Organization\",\"@id\":\"http:\/\/comnova.de\/website\/#organization\",\"name\":\"Comnova GmbH\",\"url\":\"http:\/\/comnova.de\/website\/\",\"logo\":{\"@type\":\"ImageObject\",\"inLanguage\":\"en-US\",\"@id\":\"http:\/\/comnova.de\/website\/#\/schema\/logo\/image\/\",\"url\":\"http:\/\/comnova.de\/website\/wp-content\/uploads\/2024\/08\/comnova-gmbh-logo.png\",\"contentUrl\":\"http:\/\/comnova.de\/website\/wp-content\/uploads\/2024\/08\/comnova-gmbh-logo.png\",\"width\":300,\"height\":124,\"caption\":\"Comnova GmbH\"},\"image\":{\"@id\":\"http:\/\/comnova.de\/website\/#\/schema\/logo\/image\/\"}}]}<\/script>\n<!-- \/ Yoast SEO plugin. -->","yoast_head_json":{"title":"Leistungen - Comnova GmbH","description":"Die COMNOVA GmbH ist Ihr Partner f\u00fcr die Bereiche Automatisierung in der Verfahrens- und Geb\u00e4udetechnik, der allgemeinen MSR-Technik, Datenlogging sowie GMP-Services.","robots":{"index":"index","follow":"follow","max-snippet":"max-snippet:-1","max-image-preview":"max-image-preview:large","max-video-preview":"max-video-preview:-1"},"canonical":"http:\/\/comnova.de\/website\/de\/leistungen\/","og_locale":"en_US","og_type":"article","og_title":"Leistungen - Comnova GmbH","og_description":"Die COMNOVA GmbH ist Ihr Partner f\u00fcr die Bereiche Automatisierung in der Verfahrens- und Geb\u00e4udetechnik, der allgemeinen MSR-Technik, Datenlogging sowie GMP-Services.","og_url":"http:\/\/comnova.de\/website\/de\/leistungen\/","og_site_name":"Comnova GmbH","article_modified_time":"2025-05-20T00:41:55+00:00","og_image":[{"width":800,"height":480,"url":"http:\/\/comnova.de\/website\/wp-content\/uploads\/2024\/08\/automation.jpg","type":"image\/jpeg"}],"twitter_card":"summary_large_image","twitter_misc":{"Est. reading time":"2 minutes"},"schema":{"@context":"https:\/\/schema.org","@graph":[{"@type":"WebPage","@id":"http:\/\/comnova.de\/website\/de\/leistungen\/","url":"http:\/\/comnova.de\/website\/de\/leistungen\/","name":"Leistungen - Comnova GmbH","isPartOf":{"@id":"http:\/\/comnova.de\/website\/#website"},"primaryImageOfPage":{"@id":"http:\/\/comnova.de\/website\/de\/leistungen\/#primaryimage"},"image":{"@id":"http:\/\/comnova.de\/website\/de\/leistungen\/#primaryimage"},"thumbnailUrl":"http:\/\/comnova.de\/website\/wp-content\/uploads\/2024\/08\/automation.jpg","datePublished":"2024-08-04T20:06:35+00:00","dateModified":"2025-05-20T00:41:55+00:00","description":"Die COMNOVA GmbH ist Ihr Partner f\u00fcr die Bereiche Automatisierung in der Verfahrens- und Geb\u00e4udetechnik, der allgemeinen MSR-Technik, Datenlogging sowie GMP-Services.","breadcrumb":{"@id":"http:\/\/comnova.de\/website\/de\/leistungen\/#breadcrumb"},"inLanguage":"en-US","potentialAction":[{"@type":"ReadAction","target":["http:\/\/comnova.de\/website\/de\/leistungen\/"]}]},{"@type":"ImageObject","inLanguage":"en-US","@id":"http:\/\/comnova.de\/website\/de\/leistungen\/#primaryimage","url":"http:\/\/comnova.de\/website\/wp-content\/uploads\/2024\/08\/automation.jpg","contentUrl":"http:\/\/comnova.de\/website\/wp-content\/uploads\/2024\/08\/automation.jpg","width":800,"height":480},{"@type":"BreadcrumbList","@id":"http:\/\/comnova.de\/website\/de\/leistungen\/#breadcrumb","itemListElement":[{"@type":"ListItem","position":1,"name":"Home","item":"http:\/\/comnova.de\/website\/en\/comnova-gmbh-specializing-in-automation-gmp-services-td-distributor\/"},{"@type":"ListItem","position":2,"name":"Leistungen"}]},{"@type":"WebSite","@id":"http:\/\/comnova.de\/website\/#website","url":"http:\/\/comnova.de\/website\/","name":"Comnova GmbH","description":"Automation &amp; Services","publisher":{"@id":"http:\/\/comnova.de\/website\/#organization"},"potentialAction":[{"@type":"SearchAction","target":{"@type":"EntryPoint","urlTemplate":"http:\/\/comnova.de\/website\/?s={search_term_string}"},"query-input":{"@type":"PropertyValueSpecification","valueRequired":true,"valueName":"search_term_string"}}],"inLanguage":"en-US"},{"@type":"Organization","@id":"http:\/\/comnova.de\/website\/#organization","name":"Comnova GmbH","url":"http:\/\/comnova.de\/website\/","logo":{"@type":"ImageObject","inLanguage":"en-US","@id":"http:\/\/comnova.de\/website\/#\/schema\/logo\/image\/","url":"http:\/\/comnova.de\/website\/wp-content\/uploads\/2024\/08\/comnova-gmbh-logo.png","contentUrl":"http:\/\/comnova.de\/website\/wp-content\/uploads\/2024\/08\/comnova-gmbh-logo.png","width":300,"height":124,"caption":"Comnova GmbH"},"image":{"@id":"http:\/\/comnova.de\/website\/#\/schema\/logo\/image\/"}}]}},"uagb_featured_image_src":{"full":false,"thumbnail":false,"medium":false,"medium_large":false,"large":false,"1536x1536":false,"2048x2048":false},"uagb_author_info":{"display_name":"is","author_link":"http:\/\/comnova.de\/website\/author\/is\/"},"uagb_comment_info":0,"uagb_excerpt":"Leistungen Automatisierung \u2013 GMP-Services \u2013 Datenlogging Die COMNOVA GmbH ist Ihr Partner f\u00fcr die Bereiche Automatisierung in der Verfahrens- und Geb\u00e4udetechnik, der allgemeinen MSR-Technik (Mess-, Steuer- und Regelungstechnik), Datenlogging sowie GMP-Services. (Good Manufacturing Practise).Mit einem Team von erfahrenen Ingenieuren und Spezialisten entwickeln wir f\u00fcr Sie passgenaue technologische L\u00f6sungen. Dabei stehen Ihre individuellen Prozesse und Anforderungen&hellip;","_links":{"self":[{"href":"http:\/\/comnova.de\/website\/wp-json\/wp\/v2\/pages\/2177","targetHints":{"allow":["GET"]}}],"collection":[{"href":"http:\/\/comnova.de\/website\/wp-json\/wp\/v2\/pages"}],"about":[{"href":"http:\/\/comnova.de\/website\/wp-json\/wp\/v2\/types\/page"}],"author":[{"embeddable":true,"href":"http:\/\/comnova.de\/website\/wp-json\/wp\/v2\/users\/1"}],"replies":[{"embeddable":true,"href":"http:\/\/comnova.de\/website\/wp-json\/wp\/v2\/comments?post=2177"}],"version-history":[{"count":0,"href":"http:\/\/comnova.de\/website\/wp-json\/wp\/v2\/pages\/2177\/revisions"}],"wp:attachment":[{"href":"http:\/\/comnova.de\/website\/wp-json\/wp\/v2\/media?parent=2177"}],"curies":[{"name":"wp","href":"https:\/\/api.w.org\/{rel}","templated":true}]}}