{"id":2155,"date":"2024-08-04T21:21:44","date_gmt":"2024-08-04T19:21:44","guid":{"rendered":"http:\/\/comnova.de\/website\/?page_id=2155"},"modified":"2025-01-02T15:41:24","modified_gmt":"2025-01-02T14:41:24","slug":"news-de","status":"publish","type":"page","link":"http:\/\/comnova.de\/website\/de\/unternehmen\/news-de\/","title":{"rendered":"News-de"},"content":{"rendered":"\n<p class=\"has-text-color has-medium-font-size\" style=\"color:#b81a1a\"><strong>News<\/strong><\/p>\n\n\n\n<div style=\"height:30px\" aria-hidden=\"true\" class=\"wp-block-spacer\"><\/div>\n\n\n\n<div class=\"wp-block-uagb-separator uagb-block-4a91ac43\"><div class=\"uagb-separator-spacing-wrapper\"><div class=\"wp-block-uagb-separator__inner\" style=\"--my-background-image:\"><\/div><\/div><\/div>\n\n\n\n<p class=\"has-text-color has-medium-font-size\" style=\"color:#b81a1a\">T&amp;D stellt TR-7wf Series vor<\/p>\n\n\n\n<div class=\"wp-block-columns is-layout-flex wp-container-core-columns-is-layout-28f84493 wp-block-columns-is-layout-flex\">\n<div class=\"wp-block-column is-layout-flow wp-block-column-is-layout-flow\" style=\"flex-basis:33.33%\">\n<figure class=\"wp-block-image size-full\"><img loading=\"lazy\" decoding=\"async\" width=\"538\" height=\"218\" src=\"http:\/\/comnova.de\/website\/wp-content\/uploads\/2024\/08\/news-05.jpg\" alt=\"\" class=\"wp-image-2643\" srcset=\"http:\/\/comnova.de\/website\/wp-content\/uploads\/2024\/08\/news-05.jpg 538w, http:\/\/comnova.de\/website\/wp-content\/uploads\/2024\/08\/news-05-300x122.jpg 300w\" sizes=\"auto, (max-width: 538px) 100vw, 538px\" \/><\/figure>\n<\/div>\n\n\n\n<div class=\"wp-block-column is-layout-flow wp-block-column-is-layout-flow\" style=\"flex-basis:66.66%\">\n<p class=\"has-small-font-size\">October 4th. 2013.<\/p>\n\n\n\n<p>Eine der besonderen Merkmale der neuen TR-71wf\/72wf Serie ist das automatische Datenupload in eine Cloud. Somit sind die Daten jederzeit und \u00fcberall verf\u00fcgbar.<br>Weitere Merkmale im \u00dcberblick:<br>\u2022Wireless LAN Communication mit einem mobilem Devices f\u00fcr Setup und Data Download<br>\u2022USB Communication mit einem PC f\u00fcr Setup und Data Download<br>\u2022Battery-Powered Operation; keine Netzversorgung notwendig<br>\u2022Logging Capacity f\u00fcr 8,000 Datens\u00e4tze.<\/p>\n\n\n\n<p class=\"has-small-font-size\"><\/p>\n<\/div>\n<\/div>\n\n\n\n<div style=\"height:30px\" aria-hidden=\"true\" class=\"wp-block-spacer\"><\/div>\n\n\n\n<div class=\"wp-block-uagb-separator uagb-block-cae51940\"><div class=\"uagb-separator-spacing-wrapper\"><div class=\"wp-block-uagb-separator__inner\" style=\"--my-background-image:\"><\/div><\/div><\/div>\n\n\n\n<p class=\"has-text-color has-medium-font-size\" style=\"color:#b81a1a\">New Touchpanel for room controller available<\/p>\n\n\n\n<div class=\"wp-block-columns is-layout-flex wp-container-core-columns-is-layout-28f84493 wp-block-columns-is-layout-flex\">\n<div class=\"wp-block-column is-layout-flow wp-block-column-is-layout-flow\" style=\"flex-basis:33.33%\">\n<figure class=\"wp-block-image size-full\"><img loading=\"lazy\" decoding=\"async\" width=\"434\" height=\"218\" src=\"http:\/\/comnova.de\/website\/wp-content\/uploads\/2024\/08\/news-01.jpg\" alt=\"\" class=\"wp-image-2637\" srcset=\"http:\/\/comnova.de\/website\/wp-content\/uploads\/2024\/08\/news-01.jpg 434w, http:\/\/comnova.de\/website\/wp-content\/uploads\/2024\/08\/news-01-300x151.jpg 300w\" sizes=\"auto, (max-width: 434px) 100vw, 434px\" \/><\/figure>\n<\/div>\n\n\n\n<div class=\"wp-block-column is-layout-flow wp-block-column-is-layout-flow\" style=\"flex-basis:66.66%\">\n<p class=\"has-small-font-size\">July 11st. 2012.<\/p>\n\n\n\n<p>Modern und smart, erm\u00f6glichen die Touchscreen-Raumbedienger\u00e4te PCD7.L645B\/W die \u00c4nderung aller Parameter Ihrer Einzelraumregelung (Pr\u00e4senz, Temperaturregelung, L\u00fcfterdrehzahl, Beleuchtungssteuerung und Sonnenschutz) auf Basis unserer PCD7.L6xx-Reglerfamilie.<\/p>\n\n\n\n<p>Das Raumbedienger\u00e4t verf\u00fcgt \u00fcber einen 3.2 Zoll (ca. 8 cm) gro\u00dfen, ber\u00fchrungsempfindlichen LCD-Touch-Farbbildschirm, der dank automatisch-sensorgesteuerter Helligkeitsregelung der Hintergrundbeleuchtung optimalen Ablesekomfort bietet.<\/p>\n\n\n\n<p>Die Ger\u00e4te sind wahlweise in Schwarz (PCD7.L645B) oder Wei\u00df (PCD7.L645W) erh\u00e4ltlich, wobei jeweils ein Frontrahmen in Klavierlackoptik und in geb\u00fcrstetem Aluminium beigelegt ist.<\/p>\n\n\n\n<p>Im PCD7.L645 integriert ist ein NTC 10 kOhm Temperatursensor f\u00fcr die Raumtemperaturmessung. Es wird nur ein einziges, vorkonfektioniertes RJ9-Kabel f\u00fcr die Speisung und Kommunikation zum Raumregler PCD7.L60x oder PCD7.L61x ben\u00f6tigt, was f\u00fcr eine einfache Installation sorgt und Kosten reduziert.<\/p>\n\n\n\n<p>Die neuen Touchscreen-Bedienger\u00e4te m\u00fcssen und k\u00f6nnen nicht konfiguriert oder programmiert werden, sondern funktionieren \u201cPlug &amp; Play\u201d sobald sie mit dem Raumregler PCD7.L6xx verbunden sind.<\/p>\n\n\n\n<p class=\"has-small-font-size\"><\/p>\n<\/div>\n<\/div>\n\n\n\n<div class=\"wp-block-uagb-separator uagb-block-bf2f555c\"><div class=\"uagb-separator-spacing-wrapper\"><div class=\"wp-block-uagb-separator__inner\" style=\"--my-background-image:\"><\/div><\/div><\/div>\n\n\n\n<p class=\"has-text-color has-medium-font-size\" style=\"color:#b81a1a\">Solares K\u00fchlsystem in Betrieb<\/p>\n\n\n\n<div class=\"wp-block-columns is-layout-flex wp-container-core-columns-is-layout-28f84493 wp-block-columns-is-layout-flex\">\n<div class=\"wp-block-column is-layout-flow wp-block-column-is-layout-flow\" style=\"flex-basis:33.33%\">\n<figure class=\"wp-block-image size-full\"><img loading=\"lazy\" decoding=\"async\" width=\"537\" height=\"217\" src=\"http:\/\/comnova.de\/website\/wp-content\/uploads\/2024\/08\/news-02.jpg\" alt=\"\" class=\"wp-image-2638\" srcset=\"http:\/\/comnova.de\/website\/wp-content\/uploads\/2024\/08\/news-02.jpg 537w, http:\/\/comnova.de\/website\/wp-content\/uploads\/2024\/08\/news-02-300x121.jpg 300w\" sizes=\"auto, (max-width: 537px) 100vw, 537px\" \/><\/figure>\n<\/div>\n\n\n\n<div class=\"wp-block-column is-layout-flow wp-block-column-is-layout-flow\" style=\"flex-basis:66.66%\">\n<p class=\"has-small-font-size\">May 25th. 2012.<\/p>\n\n\n\n<p>Die COMNOVA GmbH hat heute an ihrem Firmensitz in Langen\/Hessen ihr eigenes solares K\u00fchlsystem in Betrieb genommen. Wir klimatisieren unsere B\u00fcror\u00e4ume dardurch mit einer der umweltfreundlichsten Technologien die derzeit zur Verf\u00fcgung stehen. Die Anlage erzeugt Stand heute eine maximale Leistung von 23KW und wird demn\u00e4chst auf 46KW erweitert.<br>Somit sind wir jetzt in der Lage Kunden und Partnern das System im Einsatz vorzuf\u00fchren. Sollten wir Ihr Interesse geweckt haben, nehmen Sie einfach Kontakt mit uns auf (info@comnova.de).<\/p>\n\n\n\n<p><\/p>\n<\/div>\n<\/div>\n\n\n\n<div class=\"wp-block-uagb-separator uagb-block-46da0d34\"><div class=\"uagb-separator-spacing-wrapper\"><div class=\"wp-block-uagb-separator__inner\" style=\"--my-background-image:\"><\/div><\/div><\/div>\n\n\n\n<p><\/p>\n\n\n\n<p class=\"has-text-color has-medium-font-size\" style=\"color:#b81a1a\">Echtzeit \u2013 Automatisierung f\u00fcr zeitkritische Anwendungen<\/p>\n\n\n\n<div class=\"wp-block-columns is-layout-flex wp-container-core-columns-is-layout-28f84493 wp-block-columns-is-layout-flex\">\n<div class=\"wp-block-column is-layout-flow wp-block-column-is-layout-flow\" style=\"flex-basis:33.33%\">\n<figure class=\"wp-block-image size-full\"><img loading=\"lazy\" decoding=\"async\" width=\"538\" height=\"218\" src=\"http:\/\/comnova.de\/website\/wp-content\/uploads\/2024\/08\/news-03.jpg\" alt=\"\" class=\"wp-image-2639\" srcset=\"http:\/\/comnova.de\/website\/wp-content\/uploads\/2024\/08\/news-03.jpg 538w, http:\/\/comnova.de\/website\/wp-content\/uploads\/2024\/08\/news-03-300x122.jpg 300w\" sizes=\"auto, (max-width: 538px) 100vw, 538px\" \/><\/figure>\n<\/div>\n\n\n\n<div class=\"wp-block-column is-layout-flow wp-block-column-is-layout-flow\" style=\"flex-basis:66.66%\">\n<p class=\"has-small-font-size\">February 5th. 2012.<\/p>\n\n\n\n<p>Zeitkritische Anwendungen z. B. im Umfeld der Automobilindustrie und in der Luft- und Raumfahrt erfordern eine Echtzeit-Automatisierung. Wir bieten Ihnen passende L\u00f6sungen, die Ihre individuelle Anforderungen erf\u00fcllen. Dabei setzen wir Komponenten des Herstellers Beckhoff ein.<\/p>\n<\/div>\n<\/div>\n\n\n\n<div class=\"wp-block-uagb-separator uagb-block-5ae32839\"><div class=\"uagb-separator-spacing-wrapper\"><div class=\"wp-block-uagb-separator__inner\" style=\"--my-background-image:\"><\/div><\/div><\/div>\n\n\n\n<p><\/p>\n\n\n\n<p class=\"has-text-color has-medium-font-size\" style=\"color:#b81a1a\">S-Energy-Logger von SBC<\/p>\n\n\n\n<div class=\"wp-block-columns is-layout-flex wp-container-core-columns-is-layout-28f84493 wp-block-columns-is-layout-flex\">\n<div class=\"wp-block-column is-layout-flow wp-block-column-is-layout-flow\" style=\"flex-basis:33.33%\">\n<figure class=\"wp-block-image size-full\"><img loading=\"lazy\" decoding=\"async\" width=\"536\" height=\"218\" src=\"http:\/\/comnova.de\/website\/wp-content\/uploads\/2024\/08\/news-04.jpg\" alt=\"\" class=\"wp-image-2640\" srcset=\"http:\/\/comnova.de\/website\/wp-content\/uploads\/2024\/08\/news-04.jpg 536w, http:\/\/comnova.de\/website\/wp-content\/uploads\/2024\/08\/news-04-300x122.jpg 300w\" sizes=\"auto, (max-width: 536px) 100vw, 536px\" \/><\/figure>\n<\/div>\n\n\n\n<div class=\"wp-block-column is-layout-flow wp-block-column-is-layout-flow\" style=\"flex-basis:66.66%\">\n<p class=\"has-small-font-size\">February 5th. 2012.<\/p>\n\n\n\n<p>\u00dcber ad\u00e4quate Automatisierungsl\u00f6sungen k\u00f6nnen enorme Energieeinsparungen erzielt werden. Mit der neuen Technologie von SBC haben Sie Ihre Energieverbr\u00e4uche transparent im Blick. Der gro\u00dfe Pluspunkt dabei \u2013 das neue System kann mit minimalem Aufwand in bestehende Anlagen integriert werden. Haben Sie Fragen dazu? Kontaktieren Sie uns.<\/p>\n<\/div>\n<\/div>\n\n\n\n<div class=\"wp-block-uagb-separator uagb-block-5201af7d\"><div class=\"uagb-separator-spacing-wrapper\"><div class=\"wp-block-uagb-separator__inner\" style=\"--my-background-image:\"><\/div><\/div><\/div>\n\n\n\n<p><\/p>\n\n\n\n<p class=\"has-text-color has-medium-font-size\" style=\"color:#b81a1a\">K\u00fchle Luft durch hei\u00dfes Wasser<\/p>\n\n\n\n<div class=\"wp-block-columns is-layout-flex wp-container-core-columns-is-layout-28f84493 wp-block-columns-is-layout-flex\">\n<div class=\"wp-block-column is-layout-flow wp-block-column-is-layout-flow\" style=\"flex-basis:33.33%\">\n<figure class=\"wp-block-image size-full\"><img loading=\"lazy\" decoding=\"async\" width=\"537\" height=\"217\" src=\"http:\/\/comnova.de\/website\/wp-content\/uploads\/2024\/08\/news-02.jpg\" alt=\"\" class=\"wp-image-2638\" srcset=\"http:\/\/comnova.de\/website\/wp-content\/uploads\/2024\/08\/news-02.jpg 537w, http:\/\/comnova.de\/website\/wp-content\/uploads\/2024\/08\/news-02-300x121.jpg 300w\" sizes=\"auto, (max-width: 537px) 100vw, 537px\" \/><\/figure>\n<\/div>\n\n\n\n<div class=\"wp-block-column is-layout-flow wp-block-column-is-layout-flow\" style=\"flex-basis:66.66%\">\n<p class=\"has-small-font-size\">February 5th. 2012.<\/p>\n\n\n\n<p>Die COMNOVA bietet Ihnen Automatisierungsl\u00f6sungen f\u00fcr hoch innovative solare K\u00fchlsysteme, die ohne den Einsatz von Prim\u00e4renergie auskommen. In Zusammenarbeit mit einem kompetenten Partner aus dem verfahrenstechnischen Anlagenbau hat die COMNOVA ein Verfahren entwickelt, um aus hei\u00dfem Wasser kaltes Wasser zu erzeugen. Auf diese Weise k\u00f6nnen bei Hitze B\u00fcror\u00e4ume ohne Einsatz von Strom gek\u00fchlt werden. Vorhandene Energie aus der Sonne wird einfach in das verwandelt, was gerade gebraucht wird. Bei steigenden Energiepreisen ist das ein Pluspunkt, der \u00fcberzeugt!<\/p>\n<\/div>\n<\/div>\n","protected":false},"excerpt":{"rendered":"<p>News T&amp;D stellt TR-7wf Series vor October 4th. 2013. Eine der besonderen Merkmale der neuen TR-71wf\/72wf Serie ist das automatische Datenupload in eine Cloud. Somit sind die Daten jederzeit und \u00fcberall verf\u00fcgbar.Weitere Merkmale im \u00dcberblick:\u2022Wireless LAN Communication mit einem mobilem Devices f\u00fcr Setup und Data Download\u2022USB Communication mit einem PC f\u00fcr Setup und Data Download\u2022Battery-Powered [&hellip;]<\/p>\n","protected":false},"author":1,"featured_media":0,"parent":2893,"menu_order":0,"comment_status":"closed","ping_status":"closed","template":"","meta":{"_uag_custom_page_level_css":"","site-sidebar-layout":"default","site-content-layout":"","ast-site-content-layout":"default","site-content-style":"default","site-sidebar-style":"default","ast-global-header-display":"","ast-banner-title-visibility":"","ast-main-header-display":"","ast-hfb-above-header-display":"","ast-hfb-below-header-display":"","ast-hfb-mobile-header-display":"","site-post-title":"disabled","ast-breadcrumbs-content":"","ast-featured-img":"","footer-sml-layout":"","theme-transparent-header-meta":"","adv-header-id-meta":"","stick-header-meta":"","header-above-stick-meta":"","header-main-stick-meta":"","header-below-stick-meta":"","astra-migrate-meta-layouts":"set","ast-page-background-enabled":"default","ast-page-background-meta":{"desktop":{"background-color":"var(--ast-global-color-4)","background-image":"","background-repeat":"repeat","background-position":"center center","background-size":"auto","background-attachment":"scroll","background-type":"","background-media":"","overlay-type":"","overlay-color":"","overlay-opacity":"","overlay-gradient":""},"tablet":{"background-color":"","background-image":"","background-repeat":"repeat","background-position":"center center","background-size":"auto","background-attachment":"scroll","background-type":"","background-media":"","overlay-type":"","overlay-color":"","overlay-opacity":"","overlay-gradient":""},"mobile":{"background-color":"","background-image":"","background-repeat":"repeat","background-position":"center center","background-size":"auto","background-attachment":"scroll","background-type":"","background-media":"","overlay-type":"","overlay-color":"","overlay-opacity":"","overlay-gradient":""}},"ast-content-background-meta":{"desktop":{"background-color":"var(--ast-global-color-5)","background-image":"","background-repeat":"repeat","background-position":"center center","background-size":"auto","background-attachment":"scroll","background-type":"","background-media":"","overlay-type":"","overlay-color":"","overlay-opacity":"","overlay-gradient":""},"tablet":{"background-color":"var(--ast-global-color-5)","background-image":"","background-repeat":"repeat","background-position":"center center","background-size":"auto","background-attachment":"scroll","background-type":"","background-media":"","overlay-type":"","overlay-color":"","overlay-opacity":"","overlay-gradient":""},"mobile":{"background-color":"var(--ast-global-color-5)","background-image":"","background-repeat":"repeat","background-position":"center center","background-size":"auto","background-attachment":"scroll","background-type":"","background-media":"","overlay-type":"","overlay-color":"","overlay-opacity":"","overlay-gradient":""}},"footnotes":""},"class_list":["post-2155","page","type-page","status-publish","hentry"],"yoast_head":"<!-- This site is optimized with the Yoast SEO plugin v25.3 - https:\/\/yoast.com\/wordpress\/plugins\/seo\/ -->\n<title>News-de - Comnova GmbH<\/title>\n<meta name=\"robots\" content=\"index, follow, max-snippet:-1, max-image-preview:large, max-video-preview:-1\" \/>\n<link rel=\"canonical\" href=\"http:\/\/comnova.de\/website\/de\/unternehmen\/news-de\/\" \/>\n<meta property=\"og:locale\" content=\"en_US\" \/>\n<meta property=\"og:type\" content=\"article\" \/>\n<meta property=\"og:title\" content=\"News-de - Comnova GmbH\" \/>\n<meta property=\"og:description\" content=\"News T&amp;D stellt TR-7wf Series vor October 4th. 2013. Eine der besonderen Merkmale der neuen TR-71wf\/72wf Serie ist das automatische Datenupload in eine Cloud. Somit sind die Daten jederzeit und \u00fcberall verf\u00fcgbar.Weitere Merkmale im \u00dcberblick:\u2022Wireless LAN Communication mit einem mobilem Devices f\u00fcr Setup und Data Download\u2022USB Communication mit einem PC f\u00fcr Setup und Data Download\u2022Battery-Powered [&hellip;]\" \/>\n<meta property=\"og:url\" content=\"http:\/\/comnova.de\/website\/de\/unternehmen\/news-de\/\" \/>\n<meta property=\"og:site_name\" content=\"Comnova GmbH\" \/>\n<meta property=\"article:modified_time\" content=\"2025-01-02T14:41:24+00:00\" \/>\n<meta property=\"og:image\" content=\"http:\/\/comnova.de\/website\/wp-content\/uploads\/2024\/08\/news-05.jpg\" \/>\n<meta name=\"twitter:card\" content=\"summary_large_image\" \/>\n<meta name=\"twitter:label1\" content=\"Est. reading time\" \/>\n\t<meta name=\"twitter:data1\" content=\"3 minutes\" \/>\n<script type=\"application\/ld+json\" class=\"yoast-schema-graph\">{\"@context\":\"https:\/\/schema.org\",\"@graph\":[{\"@type\":\"WebPage\",\"@id\":\"http:\/\/comnova.de\/website\/de\/unternehmen\/news-de\/\",\"url\":\"http:\/\/comnova.de\/website\/de\/unternehmen\/news-de\/\",\"name\":\"News-de - Comnova GmbH\",\"isPartOf\":{\"@id\":\"http:\/\/comnova.de\/website\/#website\"},\"primaryImageOfPage\":{\"@id\":\"http:\/\/comnova.de\/website\/de\/unternehmen\/news-de\/#primaryimage\"},\"image\":{\"@id\":\"http:\/\/comnova.de\/website\/de\/unternehmen\/news-de\/#primaryimage\"},\"thumbnailUrl\":\"http:\/\/comnova.de\/website\/wp-content\/uploads\/2024\/08\/news-05.jpg\",\"datePublished\":\"2024-08-04T19:21:44+00:00\",\"dateModified\":\"2025-01-02T14:41:24+00:00\",\"breadcrumb\":{\"@id\":\"http:\/\/comnova.de\/website\/de\/unternehmen\/news-de\/#breadcrumb\"},\"inLanguage\":\"en-US\",\"potentialAction\":[{\"@type\":\"ReadAction\",\"target\":[\"http:\/\/comnova.de\/website\/de\/unternehmen\/news-de\/\"]}]},{\"@type\":\"ImageObject\",\"inLanguage\":\"en-US\",\"@id\":\"http:\/\/comnova.de\/website\/de\/unternehmen\/news-de\/#primaryimage\",\"url\":\"http:\/\/comnova.de\/website\/wp-content\/uploads\/2024\/08\/news-05.jpg\",\"contentUrl\":\"http:\/\/comnova.de\/website\/wp-content\/uploads\/2024\/08\/news-05.jpg\",\"width\":538,\"height\":218},{\"@type\":\"BreadcrumbList\",\"@id\":\"http:\/\/comnova.de\/website\/de\/unternehmen\/news-de\/#breadcrumb\",\"itemListElement\":[{\"@type\":\"ListItem\",\"position\":1,\"name\":\"Home\",\"item\":\"http:\/\/comnova.de\/website\/en\/comnova-gmbh-specializing-in-automation-gmp-services-td-distributor\/\"},{\"@type\":\"ListItem\",\"position\":2,\"name\":\"Unternehmen\",\"item\":\"http:\/\/comnova.de\/website\/de\/unternehmen\/\"},{\"@type\":\"ListItem\",\"position\":3,\"name\":\"News-de\"}]},{\"@type\":\"WebSite\",\"@id\":\"http:\/\/comnova.de\/website\/#website\",\"url\":\"http:\/\/comnova.de\/website\/\",\"name\":\"Comnova GmbH\",\"description\":\"Automation &amp; Services\",\"publisher\":{\"@id\":\"http:\/\/comnova.de\/website\/#organization\"},\"potentialAction\":[{\"@type\":\"SearchAction\",\"target\":{\"@type\":\"EntryPoint\",\"urlTemplate\":\"http:\/\/comnova.de\/website\/?s={search_term_string}\"},\"query-input\":{\"@type\":\"PropertyValueSpecification\",\"valueRequired\":true,\"valueName\":\"search_term_string\"}}],\"inLanguage\":\"en-US\"},{\"@type\":\"Organization\",\"@id\":\"http:\/\/comnova.de\/website\/#organization\",\"name\":\"Comnova GmbH\",\"url\":\"http:\/\/comnova.de\/website\/\",\"logo\":{\"@type\":\"ImageObject\",\"inLanguage\":\"en-US\",\"@id\":\"http:\/\/comnova.de\/website\/#\/schema\/logo\/image\/\",\"url\":\"http:\/\/comnova.de\/website\/wp-content\/uploads\/2024\/08\/comnova-gmbh-logo.png\",\"contentUrl\":\"http:\/\/comnova.de\/website\/wp-content\/uploads\/2024\/08\/comnova-gmbh-logo.png\",\"width\":300,\"height\":124,\"caption\":\"Comnova GmbH\"},\"image\":{\"@id\":\"http:\/\/comnova.de\/website\/#\/schema\/logo\/image\/\"}}]}<\/script>\n<!-- \/ Yoast SEO plugin. -->","yoast_head_json":{"title":"News-de - Comnova GmbH","robots":{"index":"index","follow":"follow","max-snippet":"max-snippet:-1","max-image-preview":"max-image-preview:large","max-video-preview":"max-video-preview:-1"},"canonical":"http:\/\/comnova.de\/website\/de\/unternehmen\/news-de\/","og_locale":"en_US","og_type":"article","og_title":"News-de - Comnova GmbH","og_description":"News T&amp;D stellt TR-7wf Series vor October 4th. 2013. Eine der besonderen Merkmale der neuen TR-71wf\/72wf Serie ist das automatische Datenupload in eine Cloud. Somit sind die Daten jederzeit und \u00fcberall verf\u00fcgbar.Weitere Merkmale im \u00dcberblick:\u2022Wireless LAN Communication mit einem mobilem Devices f\u00fcr Setup und Data Download\u2022USB Communication mit einem PC f\u00fcr Setup und Data Download\u2022Battery-Powered [&hellip;]","og_url":"http:\/\/comnova.de\/website\/de\/unternehmen\/news-de\/","og_site_name":"Comnova GmbH","article_modified_time":"2025-01-02T14:41:24+00:00","og_image":[{"url":"http:\/\/comnova.de\/website\/wp-content\/uploads\/2024\/08\/news-05.jpg","type":"","width":"","height":""}],"twitter_card":"summary_large_image","twitter_misc":{"Est. reading time":"3 minutes"},"schema":{"@context":"https:\/\/schema.org","@graph":[{"@type":"WebPage","@id":"http:\/\/comnova.de\/website\/de\/unternehmen\/news-de\/","url":"http:\/\/comnova.de\/website\/de\/unternehmen\/news-de\/","name":"News-de - Comnova GmbH","isPartOf":{"@id":"http:\/\/comnova.de\/website\/#website"},"primaryImageOfPage":{"@id":"http:\/\/comnova.de\/website\/de\/unternehmen\/news-de\/#primaryimage"},"image":{"@id":"http:\/\/comnova.de\/website\/de\/unternehmen\/news-de\/#primaryimage"},"thumbnailUrl":"http:\/\/comnova.de\/website\/wp-content\/uploads\/2024\/08\/news-05.jpg","datePublished":"2024-08-04T19:21:44+00:00","dateModified":"2025-01-02T14:41:24+00:00","breadcrumb":{"@id":"http:\/\/comnova.de\/website\/de\/unternehmen\/news-de\/#breadcrumb"},"inLanguage":"en-US","potentialAction":[{"@type":"ReadAction","target":["http:\/\/comnova.de\/website\/de\/unternehmen\/news-de\/"]}]},{"@type":"ImageObject","inLanguage":"en-US","@id":"http:\/\/comnova.de\/website\/de\/unternehmen\/news-de\/#primaryimage","url":"http:\/\/comnova.de\/website\/wp-content\/uploads\/2024\/08\/news-05.jpg","contentUrl":"http:\/\/comnova.de\/website\/wp-content\/uploads\/2024\/08\/news-05.jpg","width":538,"height":218},{"@type":"BreadcrumbList","@id":"http:\/\/comnova.de\/website\/de\/unternehmen\/news-de\/#breadcrumb","itemListElement":[{"@type":"ListItem","position":1,"name":"Home","item":"http:\/\/comnova.de\/website\/en\/comnova-gmbh-specializing-in-automation-gmp-services-td-distributor\/"},{"@type":"ListItem","position":2,"name":"Unternehmen","item":"http:\/\/comnova.de\/website\/de\/unternehmen\/"},{"@type":"ListItem","position":3,"name":"News-de"}]},{"@type":"WebSite","@id":"http:\/\/comnova.de\/website\/#website","url":"http:\/\/comnova.de\/website\/","name":"Comnova GmbH","description":"Automation &amp; Services","publisher":{"@id":"http:\/\/comnova.de\/website\/#organization"},"potentialAction":[{"@type":"SearchAction","target":{"@type":"EntryPoint","urlTemplate":"http:\/\/comnova.de\/website\/?s={search_term_string}"},"query-input":{"@type":"PropertyValueSpecification","valueRequired":true,"valueName":"search_term_string"}}],"inLanguage":"en-US"},{"@type":"Organization","@id":"http:\/\/comnova.de\/website\/#organization","name":"Comnova GmbH","url":"http:\/\/comnova.de\/website\/","logo":{"@type":"ImageObject","inLanguage":"en-US","@id":"http:\/\/comnova.de\/website\/#\/schema\/logo\/image\/","url":"http:\/\/comnova.de\/website\/wp-content\/uploads\/2024\/08\/comnova-gmbh-logo.png","contentUrl":"http:\/\/comnova.de\/website\/wp-content\/uploads\/2024\/08\/comnova-gmbh-logo.png","width":300,"height":124,"caption":"Comnova GmbH"},"image":{"@id":"http:\/\/comnova.de\/website\/#\/schema\/logo\/image\/"}}]}},"uagb_featured_image_src":{"full":false,"thumbnail":false,"medium":false,"medium_large":false,"large":false,"1536x1536":false,"2048x2048":false},"uagb_author_info":{"display_name":"is","author_link":"http:\/\/comnova.de\/website\/author\/is\/"},"uagb_comment_info":0,"uagb_excerpt":"News T&amp;D stellt TR-7wf Series vor October 4th. 2013. Eine der besonderen Merkmale der neuen TR-71wf\/72wf Serie ist das automatische Datenupload in eine Cloud. Somit sind die Daten jederzeit und \u00fcberall verf\u00fcgbar.Weitere Merkmale im \u00dcberblick:\u2022Wireless LAN Communication mit einem mobilem Devices f\u00fcr Setup und Data Download\u2022USB Communication mit einem PC f\u00fcr Setup und Data Download\u2022Battery-Powered&hellip;","_links":{"self":[{"href":"http:\/\/comnova.de\/website\/wp-json\/wp\/v2\/pages\/2155","targetHints":{"allow":["GET"]}}],"collection":[{"href":"http:\/\/comnova.de\/website\/wp-json\/wp\/v2\/pages"}],"about":[{"href":"http:\/\/comnova.de\/website\/wp-json\/wp\/v2\/types\/page"}],"author":[{"embeddable":true,"href":"http:\/\/comnova.de\/website\/wp-json\/wp\/v2\/users\/1"}],"replies":[{"embeddable":true,"href":"http:\/\/comnova.de\/website\/wp-json\/wp\/v2\/comments?post=2155"}],"version-history":[{"count":0,"href":"http:\/\/comnova.de\/website\/wp-json\/wp\/v2\/pages\/2155\/revisions"}],"up":[{"embeddable":true,"href":"http:\/\/comnova.de\/website\/wp-json\/wp\/v2\/pages\/2893"}],"wp:attachment":[{"href":"http:\/\/comnova.de\/website\/wp-json\/wp\/v2\/media?parent=2155"}],"curies":[{"name":"wp","href":"https:\/\/api.w.org\/{rel}","templated":true}]}}